{"id":873,"date":"2012-07-03T13:21:31","date_gmt":"2012-07-03T11:21:31","guid":{"rendered":"https:\/\/awpr.de\/?page_id=873"},"modified":"2026-02-09T15:30:02","modified_gmt":"2026-02-09T13:30:02","slug":"imprint","status":"publish","type":"page","link":"https:\/\/awpr.de\/en\/imprint\/","title":{"rendered":"Imprint"},"content":{"rendered":"<p><strong>AWPR Rechtsanwaltsgesellschaft mbH<\/strong><\/p>\n<p>Phoenixseestra\u00dfe 24<br \/>\n44263 Dortmund<br \/>\nTel.: +49 231 286598-0<br \/>\nFax: +49-231 286598-11<br \/>\nE-Mail: <a href=\"mailto:kontakt@awpr.de\">kontakt@awpr.de<\/a><br \/>\nWeb: <a href=\"https:\/\/awpr.de\">https:\/\/awpr.de<\/a><\/p>\n<p>represented by Dominik R\u00fccker<br \/>\nCourt of registration (Registergericht): District court (AG) of Dortmund<br \/>\nRegistration number (Registernummer): HRB 32380<br \/>\nTax identification number: DE336002487<\/p>\n<p>Admission: All attorneys are admitted within the Federal Republic of Germany to practice as lawyers (Rechtsanwalt)<\/p>\n<p><strong>Members of the Bar (Rechtsanwaltskammer):<\/strong><br \/>\nRechtsanwaltskammer Hamm, Ostenallee 18, 59063 Hamm<br \/>\nTel.: +49 2381 985000<br \/>\nFax.: +49 2381 985050<br \/>\nE-Mail: <a href=\"mailto:info@rak-hamm.de\">info@rak-hamm.de<\/a><\/p>\n<p><strong>Professional regulations:<\/strong><br \/>\nProvisions on occupational law governing the legal services of AWPR Rechtsanwaltsgesellschaft mbH are in particular the following Acts.<\/p>\n<p>Berufsordnung der Rechtsanw\u00e4lte (BORA)<br \/>\nBundesrechtsanwaltsordnung (BRAO)<br \/>\nFachanwaltsordnung (FAO)<br \/>\nStandesregelung der Rechtsanw\u00e4lte in der Europ\u00e4ischen Gemeinschaft (CCBE)<br \/>\nRechtsanwaltsverg\u00fctungsgesetz (RVG)<\/p>\n<p>The aforementioned rules and additional information related to occupational law can be retrieved from the homepage of the Bundesrechtsanwaltskammer (Federal Bar Association) <a href=\"http:\/\/www.brak.de\">http:\/\/www.brak.de<\/a><\/p>\n<p><strong>Professional liability insurance:<\/strong><br \/>\nFor our lawyers (Rechtsanw\u00e4lte) professional liability insurance has been taken out as follows by ERGO Versicherung AG, Fischerstra\u00dfe8-10, 40477 D\u00fcsseldorf.<\/p>\n","protected":false},"excerpt":{"rendered":"<p>AWPR Rechtsanwaltsgesellschaft mbH Phoenixseestra\u00dfe 24 44263 Dortmund Tel.: +49 231 286598-0 Fax: +49-231 286598-11 E-Mail: kontakt@awpr.de Web: https:\/\/awpr.de represented by Dominik R\u00fccker Court of registration (Registergericht): District court (AG) of Dortmund Registration number (Registernummer): HRB 32380 Tax identification number: DE336002487 <a href=\"https:\/\/awpr.de\/en\/imprint\/\"><strong>&#8230;mehr<\/strong><\/a><\/p>\n","protected":false},"author":1,"featured_media":203,"parent":0,"menu_order":0,"comment_status":"closed","ping_status":"closed","template":"","meta":{"_links_to":"","_links_to_target":""},"_links":{"self":[{"href":"https:\/\/awpr.de\/en\/wp-json\/wp\/v2\/pages\/873\/"}],"collection":[{"href":"https:\/\/awpr.de\/en\/wp-json\/wp\/v2\/pages\/"}],"about":[{"href":"https:\/\/awpr.de\/en\/wp-json\/wp\/v2\/types\/page\/"}],"author":[{"embeddable":true,"href":"https:\/\/awpr.de\/en\/wp-json\/wp\/v2\/users\/1\/"}],"replies":[{"embeddable":true,"href":"https:\/\/awpr.de\/en\/wp-json\/wp\/v2\/comments\/?post=873"}],"version-history":[{"count":14,"href":"https:\/\/awpr.de\/en\/wp-json\/wp\/v2\/pages\/873\/revisions\/"}],"predecessor-version":[{"id":6358,"href":"https:\/\/awpr.de\/en\/wp-json\/wp\/v2\/pages\/873\/revisions\/6358\/"}],"wp:featuredmedia":[{"embeddable":true,"href":"https:\/\/awpr.de\/en\/wp-json\/wp\/v2\/media\/203\/"}],"wp:attachment":[{"href":"https:\/\/awpr.de\/en\/wp-json\/wp\/v2\/media\/?parent=873"}],"curies":[{"name":"wp","href":"https:\/\/api.w.org\/{rel}","templated":true}]}}